{"id":2344,"date":"2022-01-24T16:58:14","date_gmt":"2022-01-24T15:58:14","guid":{"rendered":"https:\/\/asylgroebenzell.de\/?page_id=2344"},"modified":"2022-03-10T09:51:57","modified_gmt":"2022-03-10T08:51:57","slug":"wohnungsbedarf","status":"publish","type":"page","link":"https:\/\/asylgroebenzell.de\/index.php\/wohnungsbedarf\/","title":{"rendered":"Wohnungsbedarf"},"content":{"rendered":"<div id=\"pl-2344\"  class=\"panel-layout\" ><div id=\"pg-2344-0\"  class=\"panel-grid panel-no-style\" ><div id=\"pgc-2344-0-0\"  class=\"panel-grid-cell panel-grid-cell-empty\" ><\/div><\/div><div id=\"pg-2344-1\"  class=\"panel-grid panel-no-style\" ><div id=\"pgc-2344-1-0\"  class=\"panel-grid-cell\" ><div id=\"panel-2344-1-0-0\" class=\"so-panel widget widget_sow-editor panel-first-child panel-last-child\" data-index=\"0\" ><div\n\t\t\t\n\t\t\tclass=\"so-widget-sow-editor so-widget-sow-editor-base\"\n\t\t\t\n\t\t>\n<div class=\"siteorigin-widget-tinymce textwidget\">\n\t<p><strong>Bitte melden Sie sich unter <a href=\"mailto:asylgroebenzell@gmail.com\">asylgroebenzell@gmail.com<\/a>, <\/strong><strong>wenn Sie Wohnraum zur Vermietung anbieten oder vermitteln k\u00f6nnen.<\/strong><\/p>\n<p>Viele unserer Fl\u00fcchtlinge wohnen seit Jahren in Unterk\u00fcnften des Landratsamtes oder in Obdachlosenunterk\u00fcnften der Gemeinde Gr\u00f6benzell. Sie leben in Mehrbettzimmern auf engem Raum und in st\u00e4ndiger Ungewissheit, ob sie bleiben d\u00fcrfen. Leben auf engstem Raum fordert viel Kraft. Lernen in Unruhe und ohne Platz f\u00fcr B\u00fccher und Hefte ist nur schwer m\u00f6glich. Viele BewohnerInnen in den Unterk\u00fcnften sind verzweifelt und am Ende ihrer Kr\u00e4fte!<\/p>\n<\/div>\n<\/div><\/div><\/div><\/div><div id=\"pg-2344-2\"  class=\"panel-grid panel-no-style\" ><div id=\"pgc-2344-2-0\"  class=\"panel-grid-cell\" ><div id=\"panel-2344-2-0-0\" class=\"so-panel widget widget_sow-editor panel-first-child panel-last-child\" data-index=\"1\" ><div class=\"panel-widget-style panel-widget-style-for-2344-2-0-0\" ><div\n\t\t\t\n\t\t\tclass=\"so-widget-sow-editor so-widget-sow-editor-base\"\n\t\t\t\n\t\t>\n<div class=\"siteorigin-widget-tinymce textwidget\">\n\t<p>Wir geben die Hoffnung nicht auf, dass wir Wohnungen finden f\u00fcr Einzelpersonen, f\u00fcr Paare, vor allem aber f\u00fcr Familien mit bis zu 7 Personen.<\/p>\n<ul>\n<li>- Wir schulen die Wohnungsuchenden in<strong> speziellen Mieterkursen<\/strong> und helfen Mietern und Vermietern nicht nur als Sprachmittler.<\/li>\n<li>- P\u00fcnkliche Mietzahlung ist \u00fcber das Jobcenter garantiert, so lange noch kein eigenes Einkommen erzielt werden kann.<\/li>\n<\/ul>\n<p><strong>Bitte \u00fcberlegen Sie selbst und sprechen Sie Besitzer von Wohnraum in der Bekanntschaft an.<\/strong><\/p>\n<\/div>\n<\/div><\/div><\/div><\/div><\/div><\/div>","protected":false},"excerpt":{"rendered":"<p>Bitte melden Sie sich unter asylgroebenzell@gmail.com, wenn Sie Wohnraum zur Vermietung anbieten oder vermitteln k\u00f6nnen. Viele unserer Fl\u00fcchtlinge wohnen seit Jahren in Unterk\u00fcnften des Landratsamtes oder in Obdachlosenunterk\u00fcnften der Gemeinde Gr\u00f6benzell. Sie leben in Mehrbettzimmern auf engem Raum und in st\u00e4ndiger Ungewissheit, ob sie bleiben d\u00fcrfen. Leben auf engstem Raum fordert viel Kraft. Lernen in<a href=\"https:\/\/asylgroebenzell.de\/index.php\/wohnungsbedarf\/\">[&#8230;]<\/a><\/p>\n","protected":false},"author":3,"featured_media":0,"parent":0,"menu_order":0,"comment_status":"closed","ping_status":"closed","template":"template-fullwidth.php","meta":{"_bbp_topic_count":0,"_bbp_reply_count":0,"_bbp_total_topic_count":0,"_bbp_total_reply_count":0,"_bbp_voice_count":0,"_bbp_anonymous_reply_count":0,"_bbp_topic_count_hidden":0,"_bbp_reply_count_hidden":0,"_bbp_forum_subforum_count":0,"footnotes":""},"class_list":["post-2344","page","type-page","status-publish","hentry"],"_links":{"self":[{"href":"https:\/\/asylgroebenzell.de\/index.php\/wp-json\/wp\/v2\/pages\/2344","targetHints":{"allow":["GET"]}}],"collection":[{"href":"https:\/\/asylgroebenzell.de\/index.php\/wp-json\/wp\/v2\/pages"}],"about":[{"href":"https:\/\/asylgroebenzell.de\/index.php\/wp-json\/wp\/v2\/types\/page"}],"author":[{"embeddable":true,"href":"https:\/\/asylgroebenzell.de\/index.php\/wp-json\/wp\/v2\/users\/3"}],"replies":[{"embeddable":true,"href":"https:\/\/asylgroebenzell.de\/index.php\/wp-json\/wp\/v2\/comments?post=2344"}],"version-history":[{"count":10,"href":"https:\/\/asylgroebenzell.de\/index.php\/wp-json\/wp\/v2\/pages\/2344\/revisions"}],"predecessor-version":[{"id":3006,"href":"https:\/\/asylgroebenzell.de\/index.php\/wp-json\/wp\/v2\/pages\/2344\/revisions\/3006"}],"wp:attachment":[{"href":"https:\/\/asylgroebenzell.de\/index.php\/wp-json\/wp\/v2\/media?parent=2344"}],"curies":[{"name":"wp","href":"https:\/\/api.w.org\/{rel}","templated":true}]}}